{"id":642,"date":"2023-03-24T14:23:11","date_gmt":"2023-03-24T14:23:11","guid":{"rendered":"https:\/\/fudongporcelain.com\/request-quote\/"},"modified":"2023-03-24T14:23:11","modified_gmt":"2023-03-24T14:23:11","slug":"request-quote","status":"publish","type":"page","link":"https:\/\/fudongporcelain.com\/cs\/request-quote\/","title":{"rendered":"Request a Quote"},"content":{"rendered":"<div class=\"woocommerce ywraq-wrapper\">\n\t<div id=\"yith-ywraq-message\"><\/div>\n\t<div class=\"ywraq-form-table-wrapper\">\n\t\t\t<p>V seznamu nejsou \u017e\u00e1dn\u00e9 produkty<\/p>\n\n\t\t\t<\/div>\n<\/div>","protected":false},"excerpt":{"rendered":"","protected":false},"author":1,"featured_media":0,"parent":0,"menu_order":0,"comment_status":"closed","ping_status":"closed","template":"","meta":{"content-type":"","om_disable_all_campaigns":false,"_mi_skip_tracking":false,"site-sidebar-layout":"default","site-content-layout":"default","ast-global-header-display":"","ast-main-header-display":"","ast-hfb-above-header-display":"","ast-hfb-below-header-display":"","ast-hfb-mobile-header-display":"","site-post-title":"","ast-breadcrumbs-content":"","ast-featured-img":"","footer-sml-layout":"","theme-transparent-header-meta":"","adv-header-id-meta":"","stick-header-meta":"","header-above-stick-meta":"","header-main-stick-meta":"","header-below-stick-meta":"","footnotes":""},"aioseo_notices":[],"_links":{"self":[{"href":"https:\/\/fudongporcelain.com\/cs\/wp-json\/wp\/v2\/pages\/642"}],"collection":[{"href":"https:\/\/fudongporcelain.com\/cs\/wp-json\/wp\/v2\/pages"}],"about":[{"href":"https:\/\/fudongporcelain.com\/cs\/wp-json\/wp\/v2\/types\/page"}],"author":[{"embeddable":true,"href":"https:\/\/fudongporcelain.com\/cs\/wp-json\/wp\/v2\/users\/1"}],"replies":[{"embeddable":true,"href":"https:\/\/fudongporcelain.com\/cs\/wp-json\/wp\/v2\/comments?post=642"}],"version-history":[{"count":0,"href":"https:\/\/fudongporcelain.com\/cs\/wp-json\/wp\/v2\/pages\/642\/revisions"}],"wp:attachment":[{"href":"https:\/\/fudongporcelain.com\/cs\/wp-json\/wp\/v2\/media?parent=642"}],"curies":[{"name":"wp","href":"https:\/\/api.w.org\/{rel}","templated":true}]}}